{"id":1390,"date":"2020-12-19T22:57:53","date_gmt":"2020-12-19T21:57:53","guid":{"rendered":"https:\/\/taxandmore.nl\/home\/"},"modified":"2025-02-04T20:19:19","modified_gmt":"2025-02-04T19:19:19","slug":"home","status":"publish","type":"page","link":"https:\/\/taxandmore.nl\/en\/","title":{"rendered":"Home"},"content":{"rendered":"\n<h1>\n\t\tTax return<br \/>from Netherlands\n\t<\/h1>\n<h3>\n\t\tTax refund from the Netherlands up to 5 years back\n\t<\/h3>\n\t\t\t<a href=\"https:\/\/taxandmore.nl\/en\/forms\/tax-return-in-the-netherlands\/\" target=\"_self\">\n\t\t\t\t\t\t\tFill the online form\n\t\t\t\t\t<\/a>\n<h1>\n\t\tSimulation of the return free of charge\n\t<\/h1>\n\t\t\t<a href=\"#gratis\" target=\"_self\">\n\t\t\t\t\t\t\tMore &gt;&gt;\n\t\t\t\t\t<\/a>\n<h1>\n\t\tInsurance benefit\n\t<\/h1>\n<h3>\n\t\tGet health insurance benefit\n\t<\/h3>\n\t\t\t<a href=\"https:\/\/taxandmore.nl\/en\/forms\/insurance-benefit\/\" target=\"_self\">\n\t\t\t\t\t\t\tFill the online form\n\t\t\t\t\t<\/a>\n<h1>\n\t\tMortgages\n\t<\/h1>\n<h3>\n\t\tMediation in obtaining a mortgage for a house or apartment\n\t<\/h3>\n\t\t\t<a href=\"\/en\/services\/mortgage\/\" target=\"_self\">\n\t\t\t\t\t\t\tFind out more\n\t\t\t\t\t<\/a>\n<h1>\n\t\tTaxes and administration\n\t<\/h1>\n<h3>\n\t\tServices for individuals and businesses\n\t<\/h3>\n\t\t\t<a href=\"https:\/\/taxandmore.nl\/en\/services\/\" target=\"_self\">\n\t\t\t\t\t\t\tShow all services\n\t\t\t\t\t<\/a>\n\t\t<h2>Years of experience<\/h2>\t\t\t\n\t\t\t\t\n\t\t<h2>Trust<br \/>Customer<\/h2>\t\t\t\n\t\t\t\t\n\t\t<h2>Services<br \/>online<\/h2>\t\t\t\n\t\t\t\t\n\t\t<h2>Competitive<br \/>pricing<\/h2>\t\t\t\n\t\t\t\t\n<h2>\n\t\tServices\n\t<\/h2>\n\t\t\t\t<img decoding=\"async\" src=\"https:\/\/taxandmore.nl\/wp-content\/uploads\/bb-plugin\/cache\/services-3-circle.jpg\" alt=\"services-3\" title=\"services-3\" itemprop=\"image\"\/>\n\t\t<h3>Tax return from the Netherlands<\/h3>\t\t\t\n\t\t\t\t<p>Anyone who has legally worked in the Netherlands can apply for a tax refund from the Netherlands.<\/p>\n\t\t\t<a href=\"\/en\/services\/tax-return-in-the-netherlands\/\" title=\"Click Here\" target=\"_self\"   role=\"button\" aria-label=\"Find out more &gt;&gt;\">\n\t\t\t\t\t\t\tFind out more &gt;&gt;\n\t\t<\/a>\n\t\t\t\t<img decoding=\"async\" src=\"https:\/\/taxandmore.nl\/wp-content\/uploads\/bb-plugin\/cache\/services-4-circle.jpg\" alt=\"services-4\" title=\"services-4\" itemprop=\"image\"\/>\n\t\t<h3>Health insurance<\/h3>\t\t\t\n\t\t\t\t<p>Ubezpieczenie zdrowotne w Holandii jest obowi\u0105zkowe. Pomog\u0119 Ci wykupi\u0107 takie ubezpieczenie.<\/p>\n\t\t\t<a href=\"\/en\/services\/health-insurance\/\" title=\"Click Here\" target=\"_self\"   role=\"button\" aria-label=\"Find out more &gt;&gt;\">\n\t\t\t\t\t\t\tFind out more &gt;&gt;\n\t\t<\/a>\n\t\t\t\t<img decoding=\"async\" src=\"https:\/\/taxandmore.nl\/wp-content\/uploads\/bb-plugin\/cache\/services-5-circle.jpg\" alt=\"services-5\" title=\"services-5\" itemprop=\"image\"\/>\n\t\t<h3>Unemployment benefit<\/h3>\t\t\t\n\t\t\t\t<p>If you have worked in the Netherlands and have lost your job, you can apply for Dutch unemployment benefit.<\/p>\n\t\t\t<a href=\"\/en\/services\/unemployment-benefit\/\" title=\"Click Here\" target=\"_self\"   role=\"button\" aria-label=\"Find out more &gt;&gt;\">\n\t\t\t\t\t\t\tFind out more &gt;&gt;\n\t\t<\/a>\n\t\t\t\t<img decoding=\"async\" src=\"https:\/\/taxandmore.nl\/wp-content\/uploads\/bb-plugin\/cache\/services-6-circle.jpg\" alt=\"services-6\" title=\"services-6\" itemprop=\"image\"\/>\n\t\t<h3>Business services<\/h3>\t\t\t\n\t\t\t\t<p>Do you want to open a company in the Netherlands? Are you looking for a responsible person who will take care of the taxes and administration? Use my services.<\/p>\n\t\t\t<a href=\"\/en\/services\/business-services\/\" title=\"Click Here\" target=\"_self\"   role=\"button\" aria-label=\"Find out more &gt;&gt;\">\n\t\t\t\t\t\t\tFind out more &gt;&gt;\n\t\t<\/a>\n\t\t\t\t<img decoding=\"async\" src=\"https:\/\/taxandmore.nl\/wp-content\/uploads\/bb-plugin\/cache\/services-1-circle.jpg\" alt=\"services-1\" title=\"services-1\" itemprop=\"image\"\/>\n\t\t<h3>Insurance benefit<\/h3>\t\t\t\n\t\t\t\t<p>Health insurance benefit in the Netherlands &#8211; zorgtoeslag.<\/p>\n\t\t\t<a href=\"\/en\/services\/insurance-benefit\/\" title=\"Click Here\" target=\"_self\"   role=\"button\" aria-label=\"Find out more &gt;&gt;\">\n\t\t\t\t\t\t\tFind out more &gt;&gt;\n\t\t<\/a>\n\t\t\t\t<img decoding=\"async\" src=\"https:\/\/taxandmore.nl\/wp-content\/uploads\/bb-plugin\/cache\/services-2-circle.jpg\" alt=\"services-2\" title=\"services-2\" itemprop=\"image\"\/>\n\t\t<h3>Rent benefit<\/h3>\t\t\t\n\t\t\t\t<p>Rent supplement &#8211; huurtoeslag. Depends on the level of income.<\/p>\n\t\t\t<a href=\"\/en\/services\/rent-supplement\/\" title=\"Click Here\" target=\"_self\"   role=\"button\" aria-label=\"Find out more &gt;&gt;\">\n\t\t\t\t\t\t\tFind out more &gt;&gt;\n\t\t<\/a>\n\t\t\t\t<img decoding=\"async\" src=\"https:\/\/taxandmore.nl\/wp-content\/uploads\/bb-plugin\/cache\/podatek-drogowy-circle.jpg\" alt=\"podatek-drogowy\" title=\"podatek-drogowy\" itemprop=\"image\"\/>\n\t\t<h3>Road tax<\/h3>\t\t\t\n\t\t\t\t<p>You have to pay road tax to drive on the Dutch roads. It also applies if you have a car with foreign license plates.<\/p>\n\t\t\t<a href=\"\/en\/services\/road-tax-and-bpm-tax\/\" title=\"Click Here\" target=\"_self\"   role=\"button\" aria-label=\"Find out more &gt;&gt;\">\n\t\t\t\t\t\t\tFind out more &gt;&gt;\n\t\t<\/a>\n\t\t\t\t<img decoding=\"async\" src=\"https:\/\/taxandmore.nl\/wp-content\/uploads\/bb-plugin\/cache\/services-6-circle.jpg\" alt=\"services-6\" title=\"services-6\" itemprop=\"image\"\/>\n\t\t<h3>Mortgages<\/h3>\t\t\t\n\t\t\t\t<p>Mediation in obtaining a mortgage for a house or apartment<\/p>\n\t\t\t<a href=\"\/en\/contact\/\" title=\"Click Here\" target=\"_self\"   role=\"button\" aria-label=\"Contact me &gt;&gt;\">\n\t\t\t\t\t\t\tContact me &gt;&gt;\n\t\t<\/a>\n\t\t\t<h3>Free simulation of tax return<\/h3>\t\t\t\n\t\t\t\t<p>Send me your details using the Dutch tax return form and I will do a free conversion. After the conversion is done, I will contact you by email or phone with information about the result of the return. You will pay the fee only if you decide to send the return to the Tax Office (Belastingdienst) &#8211; only then you will receive an invoice from me to pay.<\/p>\n\t\t\t<a href=\"\/en\/forms\/tax-return-in-the-netherlands\/\" title=\"Click Here\" target=\"_self\"   role=\"button\" aria-label=\"Go to the form\">\n\t\t\t\t\t\t\tGo to the form\n\t\t<\/a>\n<h2>\n\t\tAbout me\n\t<\/h2>\n\t\t<!-- Comment to fix spacing issue\n\t-->\n\t\t<h2>0 +<\/h2>YEARS OF EXPERIENCE\n\t<!-- Comment to fix spacing issue\n\t-->\t\n\t\t<!-- Comment to fix spacing issue\n\t-->\n\t\t<h2>0 +<\/h2>SATISFIED CUSTOMERS\n\t<!-- Comment to fix spacing issue\n\t-->\t\n\t\t<!-- Comment to fix spacing issue\n\t-->\n\t\t<h2>0 +<\/h2>FILLED DOCUMENTS\n\t<!-- Comment to fix spacing issue\n\t-->\t\n\tI have been dealing with tax returns from the Netherlands and other tax and administrative matters for individuals and companies for more than 15 years. From obtaining a BSN number for people starting work in the Netherlands, through all kinds of insurance benefits or accomodation supplements and unemployment benefits, to assistance in setting up and accounting for small businesses (ZZP).<br \/>\nI perform every order with full commitment &#8211; you can be sure that I will not leave you on your own.<br \/>\nAbove all, I value privacy and trust, so you can be sure that everything we talk about will stay between us.\n\t\t\t<a href=\"\/en\/about-me\/\" target=\"_self\">\n\t\t\t\t\t\t\tMore about me &gt;&gt;\n\t\t\t\t\t<\/a>\n<h2>\n\t\tCooperation opportunities\n\t<\/h2>\n\t\t\t<h3>#1<\/h3><h2>Online services<\/h2>\t\t\t\n\t\t\t\t<p>Most services are performed online. You don&#8217;t need to visit me in the office, you don&#8217;t have to waste your time.<br \/>There are online forms at your disposal to pay your tax in the Netherlands and in Poland, get an insurance benefit or an accommodation supplement in the Netherlands, pay road tax, report your account number to Belastingdienst, get health insurance in the Netherlands or unemployment benefit.<\/p>\n\t\t\t<a href=\"\/en\/forms\/\" title=\"Click Here\" target=\"_self\"   role=\"button\" aria-label=\"Go to the online forms\">\n\t\t\t\t\t\t\tGo to the online forms\n\t\t<\/a>\n\t\t\t<h3>#2<\/h3><h2>Office meeting<\/h2>\t\t\t\n\t\t\t\t<p>If online services do not meet your needs or expectations and you want to meet face-to-face, this option is of course also possible.<br \/>I invite you to a meeting in my office.<br \/>However, due to the number of clients and workload, I am not able to accept clients without a previously arranged meeting.<\/p>\n\t\t\t<a href=\"https:\/\/outlook.office365.com\/owa\/calendar\/TaxMoreENG@taxandmore.onmicrosoft.com\/bookings\/\" title=\"Click Here\" target=\"_blank\" rel=\"noopener\"  role=\"button\" aria-label=\"Schedule an appointment\">\n\t\t\t\t\t\t\tSchedule an appointment\n\t\t<\/a>\n\t\t\t<h3>#3<\/h3><h2>Consultations<\/h2>\t\t\t\n\t\t\t\t<p>If you want to inquire about something you can contact me by phone or e-mail. Due to lack of time <strong>I prefer to contact you by e-mail<\/strong>. The best option is to use the <a href=\"https:\/\/taxandmore.nl\/en\/contact\/\">contact form<\/a> available in the <a href=\"https:\/\/taxandmore.nl\/en\/contact\/\">Contact<\/a> tab. I reply to every e-mail within 48 hours &#8211; this of course applies to working days.<\/p>\n\t\t\t<a href=\"\/en\/contact\/\" title=\"Click Here\" target=\"_self\"   role=\"button\" aria-label=\"Contact me\">\n\t\t\t\t\t\t\tContact me\n\t\t<\/a>\n<h2>\n\t\tNews\n\t<\/h2>\n\t\t\t<a href=\"\/en\/information\/\" target=\"_self\">\n\t\t\t\t\t\t\tSee all the news\n\t\t\t\t\t<\/a>\n\n","protected":false},"excerpt":{"rendered":"<p>Tax returnfrom Netherlands Tax refund from the Netherlands up to 5 years back Fill the online form Simulation of the return free of charge More &gt;&gt; Insurance benefit Get health insurance benefit Fill the online form Mortgages Mediation in obtaining a mortgage for a house or apartment Find out more Taxes and administration Services for [&hellip;]<\/p>\n","protected":false},"author":1,"featured_media":0,"parent":0,"menu_order":0,"comment_status":"closed","ping_status":"closed","template":"","meta":{"site-sidebar-layout":"no-sidebar","site-content-layout":"page-builder","ast-site-content-layout":"default","site-content-style":"default","site-sidebar-style":"default","ast-global-header-display":"","ast-banner-title-visibility":"","ast-main-header-display":"","ast-hfb-above-header-display":"","ast-hfb-below-header-display":"","ast-hfb-mobile-header-display":"","site-post-title":"disabled","ast-breadcrumbs-content":"","ast-featured-img":"disabled","footer-sml-layout":"","ast-disable-related-posts":"","theme-transparent-header-meta":"default","adv-header-id-meta":"","stick-header-meta":"default","header-above-stick-meta":"","header-main-stick-meta":"","header-below-stick-meta":"","astra-migrate-meta-layouts":"default","ast-page-background-enabled":"default","ast-page-background-meta":{"desktop":{"background-color":"","background-image":"","background-repeat":"repeat","background-position":"center center","background-size":"auto","background-attachment":"scroll","background-type":"","background-media":"","overlay-type":"","overlay-color":"","overlay-opacity":"","overlay-gradient":""},"tablet":{"background-color":"","background-image":"","background-repeat":"repeat","background-position":"center center","background-size":"auto","background-attachment":"scroll","background-type":"","background-media":"","overlay-type":"","overlay-color":"","overlay-opacity":"","overlay-gradient":""},"mobile":{"background-color":"","background-image":"","background-repeat":"repeat","background-position":"center center","background-size":"auto","background-attachment":"scroll","background-type":"","background-media":"","overlay-type":"","overlay-color":"","overlay-opacity":"","overlay-gradient":""}},"ast-content-background-meta":{"desktop":{"background-color":"var(--ast-global-color-5)","background-image":"","background-repeat":"repeat","background-position":"center center","background-size":"auto","background-attachment":"scroll","background-type":"","background-media":"","overlay-type":"","overlay-color":"","overlay-opacity":"","overlay-gradient":""},"tablet":{"background-color":"var(--ast-global-color-5)","background-image":"","background-repeat":"repeat","background-position":"center center","background-size":"auto","background-attachment":"scroll","background-type":"","background-media":"","overlay-type":"","overlay-color":"","overlay-opacity":"","overlay-gradient":""},"mobile":{"background-color":"var(--ast-global-color-5)","background-image":"","background-repeat":"repeat","background-position":"center center","background-size":"auto","background-attachment":"scroll","background-type":"","background-media":"","overlay-type":"","overlay-color":"","overlay-opacity":"","overlay-gradient":""}},"footnotes":""},"class_list":["post-1390","page","type-page","status-publish","hentry"],"yoast_head":"<!-- This site is optimized with the Yoast SEO plugin v27.2 - https:\/\/yoast.com\/product\/yoast-seo-wordpress\/ -->\n<title>Home - Tax &amp; More<\/title>\n<meta name=\"robots\" content=\"index, follow, max-snippet:-1, max-image-preview:large, max-video-preview:-1\" \/>\n<link rel=\"canonical\" href=\"https:\/\/taxandmore.nl\/en\/\" \/>\n<meta property=\"og:locale\" content=\"en_US\" \/>\n<meta property=\"og:type\" content=\"article\" \/>\n<meta property=\"og:title\" content=\"Home - Tax &amp; More\" \/>\n<meta property=\"og:description\" content=\"Tax returnfrom Netherlands Tax refund from the Netherlands up to 5 years back Fill the online form Simulation of the return free of charge More &gt;&gt; Insurance benefit Get health insurance benefit Fill the online form Mortgages Mediation in obtaining a mortgage for a house or apartment Find out more Taxes and administration Services for [&hellip;]\" \/>\n<meta property=\"og:url\" content=\"https:\/\/taxandmore.nl\/en\/\" \/>\n<meta property=\"og:site_name\" content=\"Tax &amp; More\" \/>\n<meta property=\"article:modified_time\" content=\"2025-02-04T19:19:19+00:00\" \/>\n<meta property=\"og:image\" content=\"https:\/\/tm.webexpert4u.com\/wp-content\/uploads\/bb-plugin\/cache\/services-3-circle.jpg\" \/>\n<meta name=\"twitter:card\" content=\"summary_large_image\" \/>\n<meta name=\"twitter:label1\" content=\"Est. reading time\" \/>\n\t<meta name=\"twitter:data1\" content=\"3 minutes\" \/>\n<script type=\"application\/ld+json\" class=\"yoast-schema-graph\">{\"@context\":\"https:\/\/schema.org\",\"@graph\":[{\"@type\":\"WebPage\",\"@id\":\"https:\/\/taxandmore.nl\/en\/\",\"url\":\"https:\/\/taxandmore.nl\/en\/\",\"name\":\"Home - Tax &amp; More\",\"isPartOf\":{\"@id\":\"https:\/\/taxandmore.nl\/en\/#website\"},\"primaryImageOfPage\":{\"@id\":\"https:\/\/taxandmore.nl\/en\/#primaryimage\"},\"image\":{\"@id\":\"https:\/\/taxandmore.nl\/en\/#primaryimage\"},\"thumbnailUrl\":\"https:\/\/taxandmore.nl\/wp-content\/uploads\/bb-plugin\/cache\/services-3-circle.jpg\",\"datePublished\":\"2020-12-19T21:57:53+00:00\",\"dateModified\":\"2025-02-04T19:19:19+00:00\",\"breadcrumb\":{\"@id\":\"https:\/\/taxandmore.nl\/en\/#breadcrumb\"},\"inLanguage\":\"en-US\",\"potentialAction\":[{\"@type\":\"ReadAction\",\"target\":[\"https:\/\/taxandmore.nl\/en\/\"]}]},{\"@type\":\"ImageObject\",\"inLanguage\":\"en-US\",\"@id\":\"https:\/\/taxandmore.nl\/en\/#primaryimage\",\"url\":\"https:\/\/taxandmore.nl\/wp-content\/uploads\/bb-plugin\/cache\/services-3-circle.jpg\",\"contentUrl\":\"https:\/\/taxandmore.nl\/wp-content\/uploads\/bb-plugin\/cache\/services-3-circle.jpg\"},{\"@type\":\"BreadcrumbList\",\"@id\":\"https:\/\/taxandmore.nl\/en\/#breadcrumb\",\"itemListElement\":[{\"@type\":\"ListItem\",\"position\":1,\"name\":\"Strona g\u0142\u00f3wna\",\"item\":\"https:\/\/tm.webexpert4u.com\/en\/\"},{\"@type\":\"ListItem\",\"position\":2,\"name\":\"Home\"}]},{\"@type\":\"WebSite\",\"@id\":\"https:\/\/taxandmore.nl\/en\/#website\",\"url\":\"https:\/\/taxandmore.nl\/en\/\",\"name\":\"Tax &amp; More\",\"description\":\"Podatki i Administracja\",\"publisher\":{\"@id\":\"https:\/\/taxandmore.nl\/en\/#organization\"},\"potentialAction\":[{\"@type\":\"SearchAction\",\"target\":{\"@type\":\"EntryPoint\",\"urlTemplate\":\"https:\/\/taxandmore.nl\/en\/?s={search_term_string}\"},\"query-input\":{\"@type\":\"PropertyValueSpecification\",\"valueRequired\":true,\"valueName\":\"search_term_string\"}}],\"inLanguage\":\"en-US\"},{\"@type\":\"Organization\",\"@id\":\"https:\/\/taxandmore.nl\/en\/#organization\",\"name\":\"Tax & More\",\"url\":\"https:\/\/taxandmore.nl\/en\/\",\"logo\":{\"@type\":\"ImageObject\",\"inLanguage\":\"en-US\",\"@id\":\"https:\/\/taxandmore.nl\/en\/#\/schema\/logo\/image\/\",\"url\":\"https:\/\/taxandmore.nl\/wp-content\/uploads\/2019\/09\/logoTaxAndMore.png\",\"contentUrl\":\"https:\/\/taxandmore.nl\/wp-content\/uploads\/2019\/09\/logoTaxAndMore.png\",\"width\":320,\"height\":63,\"caption\":\"Tax & More\"},\"image\":{\"@id\":\"https:\/\/taxandmore.nl\/en\/#\/schema\/logo\/image\/\"}}]}<\/script>\n<!-- \/ Yoast SEO plugin. -->","yoast_head_json":{"title":"Home - Tax &amp; More","robots":{"index":"index","follow":"follow","max-snippet":"max-snippet:-1","max-image-preview":"max-image-preview:large","max-video-preview":"max-video-preview:-1"},"canonical":"https:\/\/taxandmore.nl\/en\/","og_locale":"en_US","og_type":"article","og_title":"Home - Tax &amp; More","og_description":"Tax returnfrom Netherlands Tax refund from the Netherlands up to 5 years back Fill the online form Simulation of the return free of charge More &gt;&gt; Insurance benefit Get health insurance benefit Fill the online form Mortgages Mediation in obtaining a mortgage for a house or apartment Find out more Taxes and administration Services for [&hellip;]","og_url":"https:\/\/taxandmore.nl\/en\/","og_site_name":"Tax &amp; More","article_modified_time":"2025-02-04T19:19:19+00:00","og_image":[{"url":"https:\/\/tm.webexpert4u.com\/wp-content\/uploads\/bb-plugin\/cache\/services-3-circle.jpg","type":"","width":"","height":""}],"twitter_card":"summary_large_image","twitter_misc":{"Est. reading time":"3 minutes"},"schema":{"@context":"https:\/\/schema.org","@graph":[{"@type":"WebPage","@id":"https:\/\/taxandmore.nl\/en\/","url":"https:\/\/taxandmore.nl\/en\/","name":"Home - Tax &amp; More","isPartOf":{"@id":"https:\/\/taxandmore.nl\/en\/#website"},"primaryImageOfPage":{"@id":"https:\/\/taxandmore.nl\/en\/#primaryimage"},"image":{"@id":"https:\/\/taxandmore.nl\/en\/#primaryimage"},"thumbnailUrl":"https:\/\/taxandmore.nl\/wp-content\/uploads\/bb-plugin\/cache\/services-3-circle.jpg","datePublished":"2020-12-19T21:57:53+00:00","dateModified":"2025-02-04T19:19:19+00:00","breadcrumb":{"@id":"https:\/\/taxandmore.nl\/en\/#breadcrumb"},"inLanguage":"en-US","potentialAction":[{"@type":"ReadAction","target":["https:\/\/taxandmore.nl\/en\/"]}]},{"@type":"ImageObject","inLanguage":"en-US","@id":"https:\/\/taxandmore.nl\/en\/#primaryimage","url":"https:\/\/taxandmore.nl\/wp-content\/uploads\/bb-plugin\/cache\/services-3-circle.jpg","contentUrl":"https:\/\/taxandmore.nl\/wp-content\/uploads\/bb-plugin\/cache\/services-3-circle.jpg"},{"@type":"BreadcrumbList","@id":"https:\/\/taxandmore.nl\/en\/#breadcrumb","itemListElement":[{"@type":"ListItem","position":1,"name":"Strona g\u0142\u00f3wna","item":"https:\/\/tm.webexpert4u.com\/en\/"},{"@type":"ListItem","position":2,"name":"Home"}]},{"@type":"WebSite","@id":"https:\/\/taxandmore.nl\/en\/#website","url":"https:\/\/taxandmore.nl\/en\/","name":"Tax &amp; More","description":"Podatki i Administracja","publisher":{"@id":"https:\/\/taxandmore.nl\/en\/#organization"},"potentialAction":[{"@type":"SearchAction","target":{"@type":"EntryPoint","urlTemplate":"https:\/\/taxandmore.nl\/en\/?s={search_term_string}"},"query-input":{"@type":"PropertyValueSpecification","valueRequired":true,"valueName":"search_term_string"}}],"inLanguage":"en-US"},{"@type":"Organization","@id":"https:\/\/taxandmore.nl\/en\/#organization","name":"Tax & More","url":"https:\/\/taxandmore.nl\/en\/","logo":{"@type":"ImageObject","inLanguage":"en-US","@id":"https:\/\/taxandmore.nl\/en\/#\/schema\/logo\/image\/","url":"https:\/\/taxandmore.nl\/wp-content\/uploads\/2019\/09\/logoTaxAndMore.png","contentUrl":"https:\/\/taxandmore.nl\/wp-content\/uploads\/2019\/09\/logoTaxAndMore.png","width":320,"height":63,"caption":"Tax & More"},"image":{"@id":"https:\/\/taxandmore.nl\/en\/#\/schema\/logo\/image\/"}}]}},"_links":{"self":[{"href":"https:\/\/taxandmore.nl\/en\/wp-json\/wp\/v2\/pages\/1390","targetHints":{"allow":["GET"]}}],"collection":[{"href":"https:\/\/taxandmore.nl\/en\/wp-json\/wp\/v2\/pages"}],"about":[{"href":"https:\/\/taxandmore.nl\/en\/wp-json\/wp\/v2\/types\/page"}],"author":[{"embeddable":true,"href":"https:\/\/taxandmore.nl\/en\/wp-json\/wp\/v2\/users\/1"}],"replies":[{"embeddable":true,"href":"https:\/\/taxandmore.nl\/en\/wp-json\/wp\/v2\/comments?post=1390"}],"version-history":[{"count":3,"href":"https:\/\/taxandmore.nl\/en\/wp-json\/wp\/v2\/pages\/1390\/revisions"}],"predecessor-version":[{"id":12843,"href":"https:\/\/taxandmore.nl\/en\/wp-json\/wp\/v2\/pages\/1390\/revisions\/12843"}],"wp:attachment":[{"href":"https:\/\/taxandmore.nl\/en\/wp-json\/wp\/v2\/media?parent=1390"}],"curies":[{"name":"wp","href":"https:\/\/api.w.org\/{rel}","templated":true}]}}